{"id":11526,"date":"2024-06-10T08:34:22","date_gmt":"2024-06-10T08:34:22","guid":{"rendered":"https:\/\/fastcleanco.com\/haufig-gestellte-fragen\/"},"modified":"2025-09-28T10:28:39","modified_gmt":"2025-09-28T10:28:39","slug":"haufig-gestellte-fragen","status":"publish","type":"page","link":"https:\/\/fastcleanco.com\/de\/haufig-gestellte-fragen\/","title":{"rendered":"FAQ"},"content":{"rendered":"\t\t<div data-elementor-type=\"wp-page\" data-elementor-id=\"11526\" class=\"elementor elementor-11526\" data-elementor-post-type=\"page\">\n\t\t\t\t\t\t<section class=\"elementor-section elementor-top-section elementor-element elementor-element-448daba elementor-section-boxed elementor-section-height-default elementor-section-height-default\" data-id=\"448daba\" data-element_type=\"section\">\n\t\t\t\t\t\t<div class=\"elementor-container elementor-column-gap-default\">\n\t\t\t\t\t<div class=\"elementor-column elementor-col-100 elementor-top-column elementor-element elementor-element-6452fdc\" data-id=\"6452fdc\" data-element_type=\"column\">\n\t\t\t<div class=\"elementor-widget-wrap elementor-element-populated\">\n\t\t\t\t\t\t<div class=\"elementor-element elementor-element-614c188 elementor-widget elementor-widget-cz_image\" data-id=\"614c188\" data-element_type=\"widget\" data-widget_type=\"cz_image.default\">\n\t\t\t\t<div class=\"elementor-widget-container\">\n\t\t\t\t\t\r\n\t\t<div class=\"cz_image clr cz_image_no_fx center_on_mobile\" data-position=\"\">\r\n\r\n\t\t\t<div>\r\n\r\n\t\t\t\t<div class=\"cz_image_in\">\r\n\r\n\t\t\t\t\t<div class=\"cz_main_image\"><img fetchpriority=\"high\" decoding=\"async\" width=\"1400\" height=\"480\" src=\"https:\/\/fastcleanco.com\/wp-content\/uploads\/2018\/09\/faq-1.jpg\" class=\"attachment-full size-full wp-image-465\" alt=\"\" srcset=\"https:\/\/fastcleanco.com\/wp-content\/uploads\/2018\/09\/faq-1.jpg 1400w, https:\/\/fastcleanco.com\/wp-content\/uploads\/2018\/09\/faq-1-300x103.jpg 300w, https:\/\/fastcleanco.com\/wp-content\/uploads\/2018\/09\/faq-1-1024x351.jpg 1024w, https:\/\/fastcleanco.com\/wp-content\/uploads\/2018\/09\/faq-1-768x263.jpg 768w, https:\/\/fastcleanco.com\/wp-content\/uploads\/2018\/09\/faq-1-600x206.jpg 600w, https:\/\/fastcleanco.com\/wp-content\/uploads\/2018\/09\/faq-1-1000x343.jpg 1000w\" sizes=\"(max-width: 1400px) 100vw, 1400px\" \/><\/div>\r\n\r\n\t\t\t\t\t<div class=\"cz_hover_image\"><img fetchpriority=\"high\" decoding=\"async\" width=\"1400\" height=\"480\" src=\"https:\/\/fastcleanco.com\/wp-content\/uploads\/2018\/09\/faq-1.jpg\" class=\"attachment-full size-full wp-image-465\" alt=\"\" srcset=\"https:\/\/fastcleanco.com\/wp-content\/uploads\/2018\/09\/faq-1.jpg 1400w, https:\/\/fastcleanco.com\/wp-content\/uploads\/2018\/09\/faq-1-300x103.jpg 300w, https:\/\/fastcleanco.com\/wp-content\/uploads\/2018\/09\/faq-1-1024x351.jpg 1024w, https:\/\/fastcleanco.com\/wp-content\/uploads\/2018\/09\/faq-1-768x263.jpg 768w, https:\/\/fastcleanco.com\/wp-content\/uploads\/2018\/09\/faq-1-600x206.jpg 600w, https:\/\/fastcleanco.com\/wp-content\/uploads\/2018\/09\/faq-1-1000x343.jpg 1000w\" sizes=\"(max-width: 1400px) 100vw, 1400px\" \/><\/div>\r\n\t\t\t\t<\/div>\r\n\r\n\t\t\t\t\r\n\t\t\t<\/div>\r\n\r\n\t\t<\/div>\r\n\r\n\t\t\t\t\t<\/div>\n\t\t\t\t<\/div>\n\t\t\t\t<div class=\"elementor-element elementor-element-890270c elementor-widget elementor-widget-cz_gap\" data-id=\"890270c\" data-element_type=\"widget\" data-widget_type=\"cz_gap.default\">\n\t\t\t\t<div class=\"elementor-widget-container\">\n\t\t\t\t\t<div class=\"cz_gap clr\"><\/div>\t\t\t\t<\/div>\n\t\t\t\t<\/div>\n\t\t\t\t\t<\/div>\n\t\t<\/div>\n\t\t\t\t\t<\/div>\n\t\t<\/section>\n\t\t\t\t<section class=\"elementor-section elementor-top-section elementor-element elementor-element-1f82d59 elementor-section-boxed elementor-section-height-default elementor-section-height-default\" data-id=\"1f82d59\" data-element_type=\"section\">\n\t\t\t\t\t\t<div class=\"elementor-container elementor-column-gap-default\">\n\t\t\t\t\t<div class=\"elementor-column elementor-col-33 elementor-top-column elementor-element elementor-element-3be0935\" data-id=\"3be0935\" data-element_type=\"column\">\n\t\t\t<div class=\"elementor-widget-wrap elementor-element-populated\">\n\t\t\t\t\t\t<section class=\"elementor-section elementor-inner-section elementor-element elementor-element-d45b908 elementor-section-boxed elementor-section-height-default elementor-section-height-default\" data-id=\"d45b908\" data-element_type=\"section\">\n\t\t\t\t\t\t<div class=\"elementor-container elementor-column-gap-default\">\n\t\t\t\t\t<div class=\"elementor-column elementor-col-100 elementor-inner-column elementor-element elementor-element-f98ba9f\" data-id=\"f98ba9f\" data-element_type=\"column\">\n\t\t\t<div class=\"elementor-widget-wrap elementor-element-populated\">\n\t\t\t\t\t\t<div class=\"elementor-element elementor-element-afa3b69 elementor-widget elementor-widget-cz_title\" data-id=\"afa3b69\" data-element_type=\"widget\" data-widget_type=\"cz_title.default\">\n\t\t\t\t<div class=\"elementor-widget-container\">\n\t\t\t\t\t\t\r\n\t\t<div>\r\n\t\t\t<div class=\"cz_title clr cz_title_pos_inline\"><div class=\"cz_title_content\"><div class=\"cz_wpe_content\"><p>Haben Sie noch Fragen?<\/p><p>Wenn Ihre Frage hier nicht beantwortet wird, kontaktieren Sie uns bitte oder nutzen Sie das Online-Buchungs- und Beratungsformular. Unser Team steht bereit, um Ihnen zu helfen.<\/p><\/div><\/div><\/div>\r\n\t\t<\/div>\r\n\t\t\r\n\t\t\t\t\t\t<\/div>\n\t\t\t\t<\/div>\n\t\t\t\t<div class=\"elementor-element elementor-element-1936924 elementor-widget elementor-widget-cz_title\" data-id=\"1936924\" data-element_type=\"widget\" data-widget_type=\"cz_title.default\">\n\t\t\t\t<div class=\"elementor-widget-container\">\n\t\t\t\t\t\t\r\n\t\t<div>\r\n\t\t\t<div class=\"cz_title clr cz_title_has_icon cz_title_pos_inline\"><div class=\"cz_title_content\"><i class=\"cz_title_icon_before far fa-envelope-open\"><\/i><div class=\"cz_wpe_content\"><h4>Fragen Sie uns<\/h4><\/div><\/div><\/div>\r\n\t\t<\/div>\r\n\t\t\r\n\t\t\t\t\t\t<\/div>\n\t\t\t\t<\/div>\n\t\t\t\t\t<\/div>\n\t\t<\/div>\n\t\t\t\t\t<\/div>\n\t\t<\/section>\n\t\t\t\t<div class=\"elementor-element elementor-element-e6cc9ef elementor-button-align-stretch elementor-widget elementor-widget-form\" data-id=\"e6cc9ef\" data-element_type=\"widget\" data-settings=\"{&quot;step_next_label&quot;:&quot;Next&quot;,&quot;step_previous_label&quot;:&quot;Previous&quot;,&quot;button_width&quot;:&quot;100&quot;,&quot;step_type&quot;:&quot;number_text&quot;,&quot;step_icon_shape&quot;:&quot;circle&quot;}\" data-widget_type=\"form.default\">\n\t\t\t\t<div class=\"elementor-widget-container\">\n\t\t\t\t\t\t\t<form class=\"elementor-form\" method=\"post\" name=\"New Form\" aria-label=\"New Form\">\n\t\t\t<input type=\"hidden\" name=\"post_id\" value=\"11526\"\/>\n\t\t\t<input type=\"hidden\" name=\"form_id\" value=\"e6cc9ef\"\/>\n\t\t\t<input type=\"hidden\" name=\"referer_title\" value=\"FAQ\" \/>\n\n\t\t\t\t\t\t\t<input type=\"hidden\" name=\"queried_id\" value=\"11526\"\/>\n\t\t\t\n\t\t\t<div class=\"elementor-form-fields-wrapper elementor-labels-\">\n\t\t\t\t\t\t\t\t<div class=\"elementor-field-type-text elementor-field-group elementor-column elementor-field-group-name elementor-col-50\">\n\t\t\t\t\t\t\t\t\t\t\t\t<label for=\"form-field-name\" class=\"elementor-field-label elementor-screen-only\">\n\t\t\t\t\t\t\t\tName\t\t\t\t\t\t\t<\/label>\n\t\t\t\t\t\t\t\t\t\t\t\t\t\t<input size=\"1\" type=\"text\" name=\"form_fields[name]\" id=\"form-field-name\" class=\"elementor-field elementor-size-sm  elementor-field-textual\" placeholder=\"Name\">\n\t\t\t\t\t\t\t\t\t\t\t<\/div>\n\t\t\t\t\t\t\t\t<div class=\"elementor-field-type-email elementor-field-group elementor-column elementor-field-group-email elementor-col-50 elementor-field-required\">\n\t\t\t\t\t\t\t\t\t\t\t\t<label for=\"form-field-email\" class=\"elementor-field-label elementor-screen-only\">\n\t\t\t\t\t\t\t\tE-Mail\t\t\t\t\t\t\t<\/label>\n\t\t\t\t\t\t\t\t\t\t\t\t\t\t<input size=\"1\" type=\"email\" name=\"form_fields[email]\" id=\"form-field-email\" class=\"elementor-field elementor-size-sm  elementor-field-textual\" placeholder=\"E-Mail\" required=\"required\">\n\t\t\t\t\t\t\t\t\t\t\t<\/div>\n\t\t\t\t\t\t\t\t<div class=\"elementor-field-type-tel elementor-field-group elementor-column elementor-field-group-field_5cbbbc1 elementor-col-50 elementor-field-required\">\n\t\t\t\t\t\t\t\t\t\t\t\t<label for=\"form-field-field_5cbbbc1\" class=\"elementor-field-label elementor-screen-only\">\n\t\t\t\t\t\t\t\tTelefon\t\t\t\t\t\t\t<\/label>\n\t\t\t\t\t\t\t\t<input size=\"1\" type=\"tel\" name=\"form_fields[field_5cbbbc1]\" id=\"form-field-field_5cbbbc1\" class=\"elementor-field elementor-size-sm  elementor-field-textual\" placeholder=\"Telefon\" required=\"required\" pattern=\"[0-9()#&amp;+*-=.]+\" title=\"Only numbers and phone characters (#, -, *, etc) are accepted.\">\n\n\t\t\t\t\t\t<\/div>\n\t\t\t\t\t\t\t\t<div class=\"elementor-field-type-date elementor-field-group elementor-column elementor-field-group-field_0a5ba5f elementor-col-50 elementor-field-required\">\n\t\t\t\t\t\t\t\t\t\t\t\t<label for=\"form-field-field_0a5ba5f\" class=\"elementor-field-label elementor-screen-only\">\n\t\t\t\t\t\t\t\tDatum\t\t\t\t\t\t\t<\/label>\n\t\t\t\t\t\t\n\t\t<input type=\"date\" name=\"form_fields[field_0a5ba5f]\" id=\"form-field-field_0a5ba5f\" class=\"elementor-field elementor-size-sm  elementor-field-textual elementor-date-field\" placeholder=\"Datum\" required=\"required\" pattern=\"[0-9]{4}-[0-9]{2}-[0-9]{2}\">\n\t\t\t\t\t\t<\/div>\n\t\t\t\t\t\t\t\t<div class=\"elementor-field-type-select elementor-field-group elementor-column elementor-field-group-field_06c5a0e elementor-col-100 elementor-field-required\">\n\t\t\t\t\t\t\t\t\t\t\t\t<label for=\"form-field-field_06c5a0e\" class=\"elementor-field-label elementor-screen-only\">\n\t\t\t\t\t\t\t\tService\t\t\t\t\t\t\t<\/label>\n\t\t\t\t\t\t\t\t<div class=\"elementor-field elementor-select-wrapper remove-before \">\n\t\t\t<div class=\"select-caret-down-wrapper\">\n\t\t\t\t<i aria-hidden=\"true\" class=\"eicon-caret-down\"><\/i>\t\t\t<\/div>\n\t\t\t<select name=\"form_fields[field_06c5a0e]\" id=\"form-field-field_06c5a0e\" class=\"elementor-field-textual elementor-size-sm\" required=\"required\">\n\t\t\t\t\t\t\t\t\t<option value=\"Allgemeine Reinigung von Zuhause oder am Arbeitsplatz\">Allgemeine Reinigung von Zuhause oder am Arbeitsplatz<\/option>\n\t\t\t\t\t\t\t\t\t<option value=\"K\u00fcchen- und Badezimmerreinigung\">K\u00fcchen- und Badezimmerreinigung<\/option>\n\t\t\t\t\t\t\t\t\t<option value=\"Staubwischen, Staubsaugen und Wischen\">Staubwischen, Staubsaugen und Wischen<\/option>\n\t\t\t\t\t\t\t\t\t<option value=\"Teppich-, L\u00e4ufer- und Polsterreinigung\">Teppich-, L\u00e4ufer- und Polsterreinigung<\/option>\n\t\t\t\t\t\t\t\t\t<option value=\"Fenster- und Glasreinigung\">Fenster- und Glasreinigung<\/option>\n\t\t\t\t\t\t\t\t\t<option value=\"Desinfektion und Hygiene\">Desinfektion und Hygiene<\/option>\n\t\t\t\t\t\t\t\t\t<option value=\"Reinigung vor und nach dem Umzug\/Renovierung\">Reinigung vor und nach dem Umzug\/Renovierung<\/option>\n\t\t\t\t\t\t\t<\/select>\n\t\t<\/div>\n\t\t\t\t\t\t<\/div>\n\t\t\t\t\t\t\t\t<div class=\"elementor-field-type-time elementor-field-group elementor-column elementor-field-group-field_f3e109c elementor-col-50 elementor-field-required\">\n\t\t\t\t\t\t\t\t\t\t\t\t<label for=\"form-field-field_f3e109c\" class=\"elementor-field-label elementor-screen-only\">\n\t\t\t\t\t\t\t\tservice\t\t\t\t\t\t\t<\/label>\n\t\t\t\t\t\t\t\t<input type=\"time\" name=\"form_fields[field_f3e109c]\" id=\"form-field-field_f3e109c\" class=\"elementor-field elementor-size-sm  elementor-field-textual elementor-time-field\" placeholder=\"Aus\" required=\"required\">\n\t\t\t\t\t\t<\/div>\n\t\t\t\t\t\t\t\t<div class=\"elementor-field-type-time elementor-field-group elementor-column elementor-field-group-field_805c50e elementor-col-50 elementor-field-required\">\n\t\t\t\t\t\t\t\t\t\t\t\t<label for=\"form-field-field_805c50e\" class=\"elementor-field-label elementor-screen-only\">\n\t\t\t\t\t\t\t\tZu\t\t\t\t\t\t\t<\/label>\n\t\t\t\t\t\t\t\t<input type=\"time\" name=\"form_fields[field_805c50e]\" id=\"form-field-field_805c50e\" class=\"elementor-field elementor-size-sm  elementor-field-textual elementor-time-field\" placeholder=\"Zu\" required=\"required\">\n\t\t\t\t\t\t<\/div>\n\t\t\t\t\t\t\t\t<div class=\"elementor-field-group elementor-column elementor-field-type-submit elementor-col-100 e-form__buttons\">\n\t\t\t\t\t<button class=\"elementor-button elementor-size-sm\" type=\"submit\">\n\t\t\t\t\t\t<span class=\"elementor-button-content-wrapper\">\n\t\t\t\t\t\t\t\t\t\t\t\t\t\t\t\t\t\t\t\t\t\t<span class=\"elementor-button-text\">Buchen Sie jetzt<\/span>\n\t\t\t\t\t\t\t\t\t\t\t\t\t<\/span>\n\t\t\t\t\t<\/button>\n\t\t\t\t<\/div>\n\t\t\t<\/div>\n\t\t<\/form>\n\t\t\t\t\t\t<\/div>\n\t\t\t\t<\/div>\n\t\t\t\t\t<\/div>\n\t\t<\/div>\n\t\t\t\t<div class=\"elementor-column elementor-col-66 elementor-top-column elementor-element elementor-element-5e6a28f\" data-id=\"5e6a28f\" data-element_type=\"column\">\n\t\t\t<div class=\"elementor-widget-wrap elementor-element-populated\">\n\t\t\t\t\t\t<div class=\"elementor-element elementor-element-21bed48 elementor-widget elementor-widget-cz_title\" data-id=\"21bed48\" data-element_type=\"widget\" data-widget_type=\"cz_title.default\">\n\t\t\t\t<div class=\"elementor-widget-container\">\n\t\t\t\t\t\t\r\n\t\t<div>\r\n\t\t\t<div class=\"cz_title clr cz_mobile_text_center cz_title_has_icon cz_title_pos_inline\"><div class=\"cz_title_content\"><span class=\"cz_title_icon_before cz_title_image\"><img decoding=\"async\" width=\"128\" height=\"128\" src=\"https:\/\/fastcleanco.com\/wp-content\/uploads\/2018\/09\/gloves-1.png\" class=\"attachment-thumbnail size-thumbnail wp-image-1335\" alt=\"\" srcset=\"https:\/\/fastcleanco.com\/wp-content\/uploads\/2018\/09\/gloves-1.png 128w, https:\/\/fastcleanco.com\/wp-content\/uploads\/2018\/09\/gloves-1-100x100.png 100w\" sizes=\"(max-width: 128px) 100vw, 128px\" \/><\/span><div class=\"cz_wpe_content\"><p>Haben Sie Fragen?<\/p><p>Fordern Sie einen kostenlosen Termin an<\/p><\/div><\/div><\/div>\r\n\t\t<\/div>\r\n\t\t\r\n\t\t\t\t\t\t<\/div>\n\t\t\t\t<\/div>\n\t\t\t\t<div class=\"elementor-element elementor-element-8caa366 elementor-widget elementor-widget-cz_gap\" data-id=\"8caa366\" data-element_type=\"widget\" data-widget_type=\"cz_gap.default\">\n\t\t\t\t<div class=\"elementor-widget-container\">\n\t\t\t\t\t<div class=\"cz_gap clr\"><\/div>\t\t\t\t<\/div>\n\t\t\t\t<\/div>\n\t\t\t\t<div class=\"elementor-element elementor-element-07e91d1 elementor-widget elementor-widget-cz_title\" data-id=\"07e91d1\" data-element_type=\"widget\" data-widget_type=\"cz_title.default\">\n\t\t\t\t<div class=\"elementor-widget-container\">\n\t\t\t\t\t\t\r\n\t\t<div>\r\n\t\t\t<div class=\"cz_title clr cz_title_pos_inline\"><div class=\"cz_title_content\"><div class=\"cz_wpe_content\"><p>Wir verstehen, dass die Wahl von Reinigungsdiensten Fragen aufwerfen kann. Hier sind die h\u00e4ufigsten Fragen und Antworten, um Ihnen die Entscheidung f\u00fcr unsere Dienstleistungen zu erleichtern.<\/p><\/div><\/div><\/div>\r\n\t\t<\/div>\r\n\t\t\r\n\t\t\t\t\t\t<\/div>\n\t\t\t\t<\/div>\n\t\t\t\t<div class=\"elementor-element elementor-element-0486701 elementor-widget elementor-widget-cz_title\" data-id=\"0486701\" data-element_type=\"widget\" data-widget_type=\"cz_title.default\">\n\t\t\t\t<div class=\"elementor-widget-container\">\n\t\t\t\t\t\t\r\n\t\t<div>\r\n\t\t\t<div class=\"cz_title clr cz_title_has_icon cz_title_pos_inline\"><div class=\"cz_title_content\"><i class=\"cz_title_icon_before fa czico-012-done\"><\/i><div class=\"cz_wpe_content\"><h4>H\u00e4ufig gestellte Fragen (FAQ)<\/h4><\/div><\/div><\/div>\r\n\t\t<\/div>\r\n\t\t\r\n\t\t\t\t\t\t<\/div>\n\t\t\t\t<\/div>\n\t\t\t\t<div class=\"elementor-element elementor-element-2886f55 elementor-widget elementor-widget-cz_accordion\" data-id=\"2886f55\" data-element_type=\"widget\" data-widget_type=\"cz_accordion.default\">\n\t\t\t\t<div class=\"elementor-widget-container\">\n\t\t\t\t\t<div data-arrows='{\"open\":\"fas fa-angle-double-left\",\"close\":\"fa fa-angle-double-down\"}' class=\"cz_acc clr cz_acc_toggle cz_acc_first_open\"><div><div class=\"elementor-repeater-item-38f161a\"><span class=\"cz_acc_child\"><div>Wie kann ich Ihre Dienstleistungen buchen?<\/div><\/span><div class=\"cz_acc_child_content clr\"><p>Sie k\u00f6nnen online \u00fcber unsere Website buchen oder uns telefonisch kontaktieren. W\u00e4hlen Sie einfach Ihr gew\u00fcnschtes Servicepaket, Datum und Uhrzeit aus, und unser Team wird wie geplant zu Ihnen nach Hause kommen.<\/p><\/div><\/div><div class=\"elementor-repeater-item-e2cd101\"><span class=\"cz_acc_child\"><div>Kann ich meine Buchungszeit \u00e4ndern?<\/div><\/span><div class=\"cz_acc_child_content clr\"><p>Ja, wir sind flexibel. Um Datum oder Uhrzeit zu \u00e4ndern, kontaktieren Sie uns bitte mindestens 48 Stunden im Voraus oder nehmen Sie die \u00c4nderungen \u00fcber das Online-Portal vor.<\/p><\/div><\/div><div class=\"elementor-repeater-item-55a1071\"><span class=\"cz_acc_child\"><div>Sind Ihre Reinigungsprodukte und Ger\u00e4te sicher?<\/div><\/span><div class=\"cz_acc_child_content clr\"><p>Ja, wir verwenden standardisierte Reinigungsprodukte, die sicher f\u00fcr Sie und Ihre Familie sind. Unsere Ger\u00e4te sind modern und professionell, um die besten Ergebnisse zu gew\u00e4hrleisten.<\/p><\/div><\/div><div class=\"elementor-repeater-item-0c83397\"><span class=\"cz_acc_child\"><div>Ist Ihr Team geschult?<\/div><\/span><div class=\"cz_acc_child_content clr\"><p>Absolut. Alle Mitarbeiter sind geschult und erfahren und erbringen Reinigungsdienstleistungen nach hohen Standards. Jede Aufgabe wird sorgf\u00e4ltig und sicher ausgef\u00fchrt.<\/p><\/div><\/div><div class=\"elementor-repeater-item-c4cda53\"><span class=\"cz_acc_child\"><div>Wie wird der Servicepreis berechnet?<\/div><\/span><div class=\"cz_acc_child_content clr\"><p>Die Kosten werden basierend auf der Art der Dienstleistung, der Wohnungsgr\u00f6\u00dfe und Ihren Bed\u00fcrfnissen berechnet. F\u00fcr genaue Preise besuchen Sie unsere Preisseite oder fordern Sie \u00fcber die Online-Buchung ein Angebot an.<\/p><\/div><\/div><div class=\"elementor-repeater-item-03f344c\"><span class=\"cz_acc_child\"><div>Kann ich vor Ort bezahlen?<\/div><\/span><div class=\"cz_acc_child_content clr\"><p>Ja, die Zahlung kann online oder vor Ort erfolgen, sodass Sie die f\u00fcr Sie bequemste Option w\u00e4hlen k\u00f6nnen.<\/p><\/div><\/div><div class=\"elementor-repeater-item-d54d243\"><span class=\"cz_acc_child\"><div>Welche Gebiete in Wien decken Sie ab?<\/div><\/span><div class=\"cz_acc_child_content clr\"><p>Unsere Dienstleistungen decken alle Gebiete Wiens ab. Mit lokalem Wissen und Flexibilit\u00e4t erreicht unser Team Sie so schnell wie m\u00f6glich.<\/p><\/div><\/div><div class=\"elementor-repeater-item-56352d0\"><span class=\"cz_acc_child\"><div>Bieten Sie Umzugsreinigungen an?<\/div><\/span><div class=\"cz_acc_child_content clr\"><p>Ja, wir bieten spezielle Umzugsreinigungen und eine vollst\u00e4ndige Wohnungsreinigung an, um Ihr Zuhause bezugsfertig zu machen.<\/p><\/div><\/div><div class=\"elementor-repeater-item-a5f1de4\"><span class=\"cz_acc_child\"><div>Kann ich zus\u00e4tzliche Dienstleistungen anfordern?<\/div><\/span><div class=\"cz_acc_child_content clr\"><p>Nat\u00fcrlich! Sie k\u00f6nnen bei der Buchung oder Kontaktaufnahme spezielle oder zus\u00e4tzliche Dienstleistungen, wie Vorhang- oder Fensterreinigung, anfordern.<\/p><\/div><\/div><\/div><\/div>\t\t\t\t<\/div>\n\t\t\t\t<\/div>\n\t\t\t\t\t<\/div>\n\t\t<\/div>\n\t\t\t\t\t<\/div>\n\t\t<\/section>\n\t\t\t\t<section class=\"elementor-section elementor-top-section elementor-element elementor-element-274f9b1 elementor-section-boxed elementor-section-height-default elementor-section-height-default\" data-id=\"274f9b1\" data-element_type=\"section\">\n\t\t\t\t\t\t<div class=\"elementor-container elementor-column-gap-default\">\n\t\t\t\t\t<div class=\"elementor-column elementor-col-100 elementor-top-column elementor-element elementor-element-e581f15\" data-id=\"e581f15\" data-element_type=\"column\">\n\t\t\t<div class=\"elementor-widget-wrap elementor-element-populated\">\n\t\t\t\t\t\t<div class=\"elementor-element elementor-element-7ce78f7 elementor-widget elementor-widget-cz_gap\" data-id=\"7ce78f7\" data-element_type=\"widget\" data-widget_type=\"cz_gap.default\">\n\t\t\t\t<div class=\"elementor-widget-container\">\n\t\t\t\t\t<div class=\"cz_gap clr\"><\/div>\t\t\t\t<\/div>\n\t\t\t\t<\/div>\n\t\t\t\t\t<\/div>\n\t\t<\/div>\n\t\t\t\t\t<\/div>\n\t\t<\/section>\n\t\t\t\t<\/div>\n\t\t","protected":false},"excerpt":{"rendered":"<p>Haben Sie noch Fragen? Wenn Ihre Frage hier nicht beantwortet wird, &#8230; <\/p>\n","protected":false},"author":1,"featured_media":0,"parent":0,"menu_order":0,"comment_status":"closed","ping_status":"closed","template":"","meta":{"footnotes":""},"class_list":["post-11526","page","type-page","status-publish","hentry"],"_links":{"self":[{"href":"https:\/\/fastcleanco.com\/de\/wp-json\/wp\/v2\/pages\/11526","targetHints":{"allow":["GET"]}}],"collection":[{"href":"https:\/\/fastcleanco.com\/de\/wp-json\/wp\/v2\/pages"}],"about":[{"href":"https:\/\/fastcleanco.com\/de\/wp-json\/wp\/v2\/types\/page"}],"author":[{"embeddable":true,"href":"https:\/\/fastcleanco.com\/de\/wp-json\/wp\/v2\/users\/1"}],"replies":[{"embeddable":true,"href":"https:\/\/fastcleanco.com\/de\/wp-json\/wp\/v2\/comments?post=11526"}],"version-history":[{"count":24,"href":"https:\/\/fastcleanco.com\/de\/wp-json\/wp\/v2\/pages\/11526\/revisions"}],"predecessor-version":[{"id":11850,"href":"https:\/\/fastcleanco.com\/de\/wp-json\/wp\/v2\/pages\/11526\/revisions\/11850"}],"wp:attachment":[{"href":"https:\/\/fastcleanco.com\/de\/wp-json\/wp\/v2\/media?parent=11526"}],"curies":[{"name":"wp","href":"https:\/\/api.w.org\/{rel}","templated":true}]}}